{"id":1137,"date":"2025-12-08T15:56:48","date_gmt":"2025-12-08T15:56:48","guid":{"rendered":"https:\/\/haciendasdeldorado.net\/?page_id=1137"},"modified":"2025-12-08T19:23:08","modified_gmt":"2025-12-08T19:23:08","slug":"noticias-de-comunidad","status":"publish","type":"page","link":"https:\/\/haciendasdeldorado.net\/?page_id=1137","title":{"rendered":"Noticias de Comunidad"},"content":{"rendered":"\t\t<div data-elementor-type=\"wp-page\" data-elementor-id=\"1137\" class=\"elementor elementor-1137\">\n\t\t\t\t<div class=\"elementor-element elementor-element-3e89094 e-flex e-con-boxed e-con e-parent\" data-id=\"3e89094\" data-element_type=\"container\" data-e-type=\"container\">\n\t\t\t\t\t<div class=\"e-con-inner\">\n\t\t\t\t<div class=\"elementor-element elementor-element-d70fb79 elementor-widget elementor-widget-heading\" data-id=\"d70fb79\" data-element_type=\"widget\" data-e-type=\"widget\" data-widget_type=\"heading.default\">\n\t\t\t\t\t<h2 class=\"elementor-heading-title elementor-size-default\">La Junta de Directores de Haciendas del Dorado felicita y reconoce a Edward Reyes, nuevo titular de nuestra comunidad, quien fue galardonado con un premio Emmy por su trabajo como compositor y arreglista musical.<\/h2>\t\t\t\t<\/div>\n\t\t<div class=\"elementor-element elementor-element-8fae3cf e-grid e-con-full e-con e-child\" data-id=\"8fae3cf\" data-element_type=\"container\" data-e-type=\"container\">\n\t\t\t\t<div class=\"elementor-element elementor-element-6e86a77 elementor-widget elementor-widget-text-editor\" data-id=\"6e86a77\" data-element_type=\"widget\" data-e-type=\"widget\" data-widget_type=\"text-editor.default\">\n\t\t\t\t\t\t\t\t\t<p>Edward fue reconocido por su aportaci\u00f3n musical en la producci\u00f3n Rockolandia: Las Cabritas, una serie animada musical creada en Puerto Rico, pensada para ni\u00f1as y ni\u00f1os, que combina m\u00fasica original, animaci\u00f3n y mensajes positivos para toda la familia.<\/p>\n<p>Esta producci\u00f3n se distingue por haber sido desarrollada con talento puertorrique\u00f1o y por lograr reconocimiento a nivel internacional, destac\u00e1ndose en Emmy Awards por su calidad art\u00edstica y creativa.<\/p>\n<p><!-- \/wp:paragraph --><!-- wp:separator --><\/p>\n<p>El premio recibido reconoce la excelencia en la composici\u00f3n y arreglos musicales, un componente esencial de esta serie, donde la m\u00fasica no solo acompa\u00f1a la historia, sino que es protagonista.<\/p>\n<p>Para nosotros, este logro va m\u00e1s all\u00e1 del reconocimiento profesional: es un recordatorio de que en nuestra comunidad vive talento de clase mundial.<\/p>\n<p>\u00a0<\/p>\t\t\t\t\t\t\t\t<\/div>\n\t\t\t\t<div class=\"elementor-element elementor-element-fb0fc2b elementor-widget elementor-widget-image\" data-id=\"fb0fc2b\" data-element_type=\"widget\" data-e-type=\"widget\" data-widget_type=\"image.default\">\n\t\t\t\t\t\t\t\t\t\t\t\t\t\t\t<img decoding=\"async\" src=\"https:\/\/haciendasdeldorado.net\/wp-content\/uploads\/2025\/12\/efb5b39c-0fea-4845-97d5-4dcb74e95c49.jpg\" title=\"efb5b39c-0fea-4845-97d5-4dcb74e95c49\" alt=\"efb5b39c-0fea-4845-97d5-4dcb74e95c49\" loading=\"lazy\" \/>\t\t\t\t\t\t\t\t\t\t\t\t\t\t\t<\/div>\n\t\t\t\t<\/div>\n\t\t\t\t\t<\/div>\n\t\t\t\t<\/div>\n\t\t\t\t<section class=\"elementor-section elementor-top-section elementor-element elementor-element-7946e92 elementor-section-boxed elementor-section-height-default elementor-section-height-default\" data-id=\"7946e92\" data-element_type=\"section\" data-e-type=\"section\">\n\t\t\t\t\t\t<div class=\"elementor-container elementor-column-gap-default\">\n\t\t\t\t\t<div class=\"elementor-column elementor-col-100 elementor-top-column elementor-element elementor-element-e6d3f8b\" data-id=\"e6d3f8b\" data-element_type=\"column\" data-e-type=\"column\">\n\t\t\t<div class=\"elementor-widget-wrap elementor-element-populated\">\n\t\t\t\t\t\t<section class=\"elementor-section elementor-inner-section elementor-element elementor-element-3922193 elementor-section-boxed elementor-section-height-default elementor-section-height-default\" data-id=\"3922193\" data-element_type=\"section\" data-e-type=\"section\">\n\t\t\t\t\t\t<div class=\"elementor-container elementor-column-gap-default\">\n\t\t\t\t\t<div class=\"elementor-column elementor-col-50 elementor-inner-column elementor-element elementor-element-f90f9c9\" data-id=\"f90f9c9\" data-element_type=\"column\" data-e-type=\"column\">\n\t\t\t<div class=\"elementor-widget-wrap elementor-element-populated\">\n\t\t\t\t\t\t<div class=\"elementor-element elementor-element-ac6816d elementor-widget elementor-widget-image\" data-id=\"ac6816d\" data-element_type=\"widget\" data-e-type=\"widget\" data-widget_type=\"image.default\">\n\t\t\t\t\t\t\t\t\t\t\t\t\t\t\t<img fetchpriority=\"high\" decoding=\"async\" width=\"923\" height=\"516\" src=\"https:\/\/haciendasdeldorado.net\/wp-content\/uploads\/2025\/12\/87d18b16-689f-496c-9cfe-fb3807657086-1024x572.jpg\" class=\"attachment-large size-large wp-image-1144\" alt=\"\" srcset=\"https:\/\/haciendasdeldorado.net\/wp-content\/uploads\/2025\/12\/87d18b16-689f-496c-9cfe-fb3807657086-1024x572.jpg 1024w, https:\/\/haciendasdeldorado.net\/wp-content\/uploads\/2025\/12\/87d18b16-689f-496c-9cfe-fb3807657086-300x167.jpg 300w, https:\/\/haciendasdeldorado.net\/wp-content\/uploads\/2025\/12\/87d18b16-689f-496c-9cfe-fb3807657086-768x429.jpg 768w, https:\/\/haciendasdeldorado.net\/wp-content\/uploads\/2025\/12\/87d18b16-689f-496c-9cfe-fb3807657086.jpg 1170w\" sizes=\"(max-width: 923px) 100vw, 923px\" \/>\t\t\t\t\t\t\t\t\t\t\t\t\t\t\t<\/div>\n\t\t\t\t\t<\/div>\n\t\t<\/div>\n\t\t\t\t<div class=\"elementor-column elementor-col-50 elementor-inner-column elementor-element elementor-element-7c48c15\" data-id=\"7c48c15\" data-element_type=\"column\" data-e-type=\"column\">\n\t\t\t<div class=\"elementor-widget-wrap elementor-element-populated\">\n\t\t\t\t\t\t<div class=\"elementor-element elementor-element-84ce64a elementor-widget elementor-widget-image\" data-id=\"84ce64a\" data-element_type=\"widget\" data-e-type=\"widget\" data-widget_type=\"image.default\">\n\t\t\t\t\t\t\t\t\t\t\t\t\t\t\t<img decoding=\"async\" width=\"923\" height=\"516\" src=\"https:\/\/haciendasdeldorado.net\/wp-content\/uploads\/2025\/12\/87d18b16-689f-496c-9cfe-fb3807657086-1-1024x572.jpg\" class=\"attachment-large size-large wp-image-1147\" alt=\"\" srcset=\"https:\/\/haciendasdeldorado.net\/wp-content\/uploads\/2025\/12\/87d18b16-689f-496c-9cfe-fb3807657086-1-1024x572.jpg 1024w, https:\/\/haciendasdeldorado.net\/wp-content\/uploads\/2025\/12\/87d18b16-689f-496c-9cfe-fb3807657086-1-300x167.jpg 300w, https:\/\/haciendasdeldorado.net\/wp-content\/uploads\/2025\/12\/87d18b16-689f-496c-9cfe-fb3807657086-1-768x429.jpg 768w, https:\/\/haciendasdeldorado.net\/wp-content\/uploads\/2025\/12\/87d18b16-689f-496c-9cfe-fb3807657086-1.jpg 1170w\" sizes=\"(max-width: 923px) 100vw, 923px\" \/>\t\t\t\t\t\t\t\t\t\t\t\t\t\t\t<\/div>\n\t\t\t\t\t<\/div>\n\t\t<\/div>\n\t\t\t\t\t<\/div>\n\t\t<\/section>\n\t\t\t\t<div class=\"elementor-element elementor-element-8416185 elementor-widget elementor-widget-text-editor\" data-id=\"8416185\" data-element_type=\"widget\" data-e-type=\"widget\" data-widget_type=\"text-editor.default\">\n\t\t\t\t\t\t\t\t\t<h4 style=\"text-align: center;\">\u00a1Felicidades, Edward! Tus vecinos y la Junta de Directores celebramos contigo este merecido logro.<\/h4>\t\t\t\t\t\t\t\t<\/div>\n\t\t\t\t\t<\/div>\n\t\t<\/div>\n\t\t\t\t\t<\/div>\n\t\t<\/section>\n\t\t\t\t<\/div>\n\t\t","protected":false},"excerpt":{"rendered":"<p>La Junta de Directores de Haciendas del Dorado felicita y reconoce a Edward Reyes, nuevo titular de nuestra comunidad, quien fue galardonado con un premio Emmy por su trabajo como compositor y arreglista musical. Edward fue reconocido por su aportaci\u00f3n musical en la producci\u00f3n Rockolandia: Las Cabritas, una serie animada musical creada en Puerto Rico,&hellip;<\/p>\n","protected":false},"author":2,"featured_media":0,"parent":0,"menu_order":0,"comment_status":"closed","ping_status":"closed","template":"elementor_theme","meta":{"footnotes":""},"class_list":["post-1137","page","type-page","status-publish","hentry"],"_links":{"self":[{"href":"https:\/\/haciendasdeldorado.net\/index.php?rest_route=\/wp\/v2\/pages\/1137","targetHints":{"allow":["GET"]}}],"collection":[{"href":"https:\/\/haciendasdeldorado.net\/index.php?rest_route=\/wp\/v2\/pages"}],"about":[{"href":"https:\/\/haciendasdeldorado.net\/index.php?rest_route=\/wp\/v2\/types\/page"}],"author":[{"embeddable":true,"href":"https:\/\/haciendasdeldorado.net\/index.php?rest_route=\/wp\/v2\/users\/2"}],"replies":[{"embeddable":true,"href":"https:\/\/haciendasdeldorado.net\/index.php?rest_route=%2Fwp%2Fv2%2Fcomments&post=1137"}],"version-history":[{"count":10,"href":"https:\/\/haciendasdeldorado.net\/index.php?rest_route=\/wp\/v2\/pages\/1137\/revisions"}],"predecessor-version":[{"id":1158,"href":"https:\/\/haciendasdeldorado.net\/index.php?rest_route=\/wp\/v2\/pages\/1137\/revisions\/1158"}],"wp:attachment":[{"href":"https:\/\/haciendasdeldorado.net\/index.php?rest_route=%2Fwp%2Fv2%2Fmedia&parent=1137"}],"curies":[{"name":"wp","href":"https:\/\/api.w.org\/{rel}","templated":true}]}}